{"id":222,"date":"2021-04-09T11:46:24","date_gmt":"2021-04-09T09:46:24","guid":{"rendered":"https:\/\/thomashosp.li\/?page_id=222"},"modified":"2021-04-09T14:33:15","modified_gmt":"2021-04-09T12:33:15","slug":"impressum","status":"publish","type":"page","link":"https:\/\/thomashosp.li\/en\/impressum\/","title":{"rendered":"Legalnotice"},"content":{"rendered":"<p>[et_pb_section fb_built=&#8220;1&#8243; _builder_version=&#8220;4.9.3&#8243; _module_preset=&#8220;default&#8220;][et_pb_row _builder_version=&#8220;4.9.3&#8243; _module_preset=&#8220;default&#8220;][et_pb_column type=&#8220;4_4&#8243; _builder_version=&#8220;4.9.3&#8243; _module_preset=&#8220;default&#8220;][et_pb_button button_url=&#8220;@ET-DC@eyJkeW5hbWljIjp0cnVlLCJjb250ZW50IjoicG9zdF9saW5rX3VybF9wYWdlIiwic2V0dGluZ3MiOnsicG9zdF9pZCI6IjIwIn19@&#8220; button_text=&#8220;Zur\u00fcck zur Startseite&#8220; _builder_version=&#8220;4.9.3&#8243; _dynamic_attributes=&#8220;button_url&#8220; _module_preset=&#8220;default&#8220; custom_button=&#8220;on&#8220; button_text_color=&#8220;#FFFFFF&#8220; button_bg_color=&#8220;#D32743&#8243; button_icon=&#8220;%%35%%&#8220; button_icon_placement=&#8220;left&#8220; button_on_hover=&#8220;off&#8220;][\/et_pb_button][\/et_pb_column][\/et_pb_row][et_pb_row column_structure=&#8220;1_2,1_2&#8243; _builder_version=&#8220;4.9.3&#8243; _module_preset=&#8220;default&#8220;][et_pb_column type=&#8220;1_2&#8243; _builder_version=&#8220;4.9.3&#8243; _module_preset=&#8220;default&#8220;][et_pb_blurb title=&#8220;Impressum&#8220; _builder_version=&#8220;4.9.3&#8243; _module_preset=&#8220;default&#8220; hover_enabled=&#8220;0&#8243; sticky_enabled=&#8220;0&#8243;]<\/p>\n<p>Redaktionell verantwortlich:<\/p>\n<p>Mag. Thomas Hosp, LL.M.<br \/>Landstrasse 158<br \/>9494 Schaan<br \/>F\u00fcrstentum Liechtenstein<\/p>\n<p>T.: +423 239 95 00<br \/>F.: +423 239 95 04<br \/>E: office@thomashosp.li<br \/>W: www.thomashosp.li<\/p>\n<p>[\/et_pb_blurb][\/et_pb_column][et_pb_column type=&#8220;1_2&#8243; _builder_version=&#8220;4.9.3&#8243; _module_preset=&#8220;default&#8220;][et_pb_blurb title=&#8220;Haftungsausschluss&#8220; _builder_version=&#8220;4.9.3&#8243; _module_preset=&#8220;default&#8220;]<\/p>\n<p>Die auf dem Server bereitgestellten Angaben wurden sorgf\u00e4ltig gepr\u00fcft. Dessen ungeachtet kann keine Gew\u00e4hr f\u00fcr die Korrektheit, Vollst\u00e4ndigkeit, Qualit\u00e4t oder letzte Aktualit\u00e4t der Angaben bzw. bereitgestellten Informationen \u00fcbernommen werden.<\/p>\n<p>&nbsp;<\/p>\n<p>[\/et_pb_blurb][\/et_pb_column][\/et_pb_row][\/et_pb_section]<\/p>\n","protected":false},"excerpt":{"rendered":"<p>Redaktionell verantwortlich: Mag. Thomas Hosp, LL.M.Landstrasse 1589494 SchaanF\u00fcrstentum Liechtenstein T.: +423 239 95 00F.: +423 239 95 04E: office@thomashosp.liW: www.thomashosp.liDie auf dem Server bereitgestellten Angaben wurden sorgf\u00e4ltig gepr\u00fcft. Dessen ungeachtet kann keine Gew\u00e4hr f\u00fcr die Korrektheit, Vollst\u00e4ndigkeit, Qualit\u00e4t oder letzte Aktualit\u00e4t der Angaben bzw. bereitgestellten Informationen \u00fcbernommen werden. &nbsp;<\/p>","protected":false},"author":1,"featured_media":0,"parent":0,"menu_order":2001,"comment_status":"closed","ping_status":"closed","template":"","meta":{"_et_pb_use_builder":"on","_et_pb_old_content":"","_et_gb_content_width":"","footnotes":""},"class_list":["post-222","page","type-page","status-publish","hentry"],"_links":{"self":[{"href":"https:\/\/thomashosp.li\/en\/wp-json\/wp\/v2\/pages\/222","targetHints":{"allow":["GET"]}}],"collection":[{"href":"https:\/\/thomashosp.li\/en\/wp-json\/wp\/v2\/pages"}],"about":[{"href":"https:\/\/thomashosp.li\/en\/wp-json\/wp\/v2\/types\/page"}],"author":[{"embeddable":true,"href":"https:\/\/thomashosp.li\/en\/wp-json\/wp\/v2\/users\/1"}],"replies":[{"embeddable":true,"href":"https:\/\/thomashosp.li\/en\/wp-json\/wp\/v2\/comments?post=222"}],"version-history":[{"count":9,"href":"https:\/\/thomashosp.li\/en\/wp-json\/wp\/v2\/pages\/222\/revisions"}],"predecessor-version":[{"id":313,"href":"https:\/\/thomashosp.li\/en\/wp-json\/wp\/v2\/pages\/222\/revisions\/313"}],"wp:attachment":[{"href":"https:\/\/thomashosp.li\/en\/wp-json\/wp\/v2\/media?parent=222"}],"curies":[{"name":"wp","href":"https:\/\/api.w.org\/{rel}","templated":true}]}}