{"id":218,"date":"2021-04-09T11:46:10","date_gmt":"2021-04-09T09:46:10","guid":{"rendered":"https:\/\/thomashosp.li\/?page_id=218"},"modified":"2021-04-09T14:47:32","modified_gmt":"2021-04-09T12:47:32","slug":"datenschutz","status":"publish","type":"page","link":"https:\/\/thomashosp.li\/en\/datenschutz\/","title":{"rendered":"Dataprotection"},"content":{"rendered":"<p>[et_pb_section fb_built=&#8220;1&#8243; _builder_version=&#8220;4.9.3&#8243; _module_preset=&#8220;default&#8220;][et_pb_row _builder_version=&#8220;4.9.3&#8243; _module_preset=&#8220;default&#8220;][et_pb_column type=&#8220;4_4&#8243; _builder_version=&#8220;4.9.3&#8243; _module_preset=&#8220;default&#8220;][et_pb_button button_url=&#8220;@ET-DC@eyJkeW5hbWljIjp0cnVlLCJjb250ZW50IjoicG9zdF9saW5rX3VybF9wYWdlIiwic2V0dGluZ3MiOnsicG9zdF9pZCI6IjIwIn19@&#8220; button_text=&#8220;Zur\u00fcck zur Startseite&#8220; _builder_version=&#8220;4.9.3&#8243; _dynamic_attributes=&#8220;button_url&#8220; _module_preset=&#8220;default&#8220; custom_button=&#8220;on&#8220; button_text_color=&#8220;#FFFFFF&#8220; button_bg_color=&#8220;#D32743&#8243; button_icon=&#8220;%%35%%&#8220; button_icon_placement=&#8220;left&#8220; button_on_hover=&#8220;off&#8220; locked=&#8220;off&#8220;][\/et_pb_button][et_pb_text _builder_version=&#8220;4.9.3&#8243; _module_preset=&#8220;default&#8220; custom_margin=&#8220;||29px|||&#8220;]<\/p>\n<h2>Datenschutzerkl\u00e4rung f\u00fcr Gesch\u00e4ftspartner<\/h2>\n<p>[\/et_pb_text][et_pb_text _builder_version=&#8220;4.9.3&#8243; _module_preset=&#8220;default&#8220;]<\/p>\n<ul>\n<li><a href=\"https:\/\/thomashosp.li\/wp-content\/uploads\/2021\/04\/ecovis_steuerkanzlei_thomas_hosp_liechtenstein_014_datenschutzerklaerung_unternehmen.pdf\" target=\"_blank\" rel=\"noopener noreferrer\">Datenschutzerkl\u00e4rung f\u00fcr Review\u2010 und Steuerberatungskunden<\/a><\/li>\n<li><a target=\"_blank\" href=\"https:\/\/thomashosp.li\/wp-content\/uploads\/2021\/04\/ecovis_steuerkanzlei_thomas_hosp_liechtenstein_016_datenschutzerklaerung_buchhaltungskundenn.pdf\" rel=\"noopener noreferrer\">Datenschutzerkl\u00e4rung f\u00fcr Buchhaltungs- und Lohnverrechnungskunde<\/a><\/li>\n<li><a href=\"https:\/\/thomashosp.li\/wp-content\/uploads\/2021\/04\/ecovis_steuerkanzlei_thomas_hosp_liechtenstein_015_datenschutzerklaerung_natuerliche_personen.pdf\" target=\"_blank\" rel=\"noopener noreferrer\">Datenschutzerkl\u00e4rung f\u00fcr Steuerberatungskunden privat<\/a><\/li>\n<li><a href=\"https:\/\/thomashosp.li\/wp-content\/uploads\/2021\/04\/ecovis_steuerkanzlei_thomas_hosp_liechtenstein_013_datenschutzerklaerung_lieferanten.pdf\" target=\"_blank\" rel=\"noopener noreferrer\">Datenschutzerkl\u00e4rung f\u00fcr Lieferanten<\/a><\/li>\n<\/ul>\n<p>[\/et_pb_text][et_pb_text _builder_version=&#8220;4.9.3&#8243; _module_preset=&#8220;default&#8220;]<\/p>\n<h2>Datenschutzerkl\u00e4rung f\u00fcr Webseitenbesucher<\/h2>\n<p>[\/et_pb_text][et_pb_text _builder_version=&#8220;4.9.3&#8243; _module_preset=&#8220;default&#8220;]<\/p>\n<p>Der Schutz Ihrer pers\u00f6nlichen Daten ist uns ein besonderes Anliegen. Wir verarbeiten Ihre Daten daher ausschliesslich auf Grundlage der gesetzlichen Bestimmungen (DSGVO). In diesen Datenschutzinformationen informieren wir Sie \u00fcber die wichtigsten Aspekte der Datenverarbeitung im Rahmen unserer Website. Die Datenverarbeitung erfolgt auf Basis der gesetzlichen Bestimmungen DSGVO Art 6 Abs 1, f. \u00dcber unsere Webseite informieren wir unsere Kunden und Interessenten \u00fcber Dienstleistungen und Produkte unseres Unternehmens und bieten Informationen zu spezifischen Themen. Ebenfalls stellen wir auf dieser Webseite unsere Mitarbeiter vor und informieren \u00fcber Kontaktm\u00f6glichkeiten wie ein Anfahrtsplan, Telefonnummer und eMailadresse\/Kontaktformular.<\/p>\n<p>&nbsp;<\/p>\n<h4>Kontakt mit uns<\/h4>\n<p>Wenn Sie per Kontaktformular und E-Mail Kontakt mit uns aufnehmen, werden Ihre angegebenen Daten zwecks Bearbeitung der Anfrage und f\u00fcr den Fall von Anschlussfragen bei uns gespeichert. Diese Daten geben wir nicht ohne Ihre Einwilligung weiter.<\/p>\n<p>&nbsp;<\/p>\n<h4>Cookies<\/h4>\n<p>Unsere Website verwendet so genannte Cookies. Dabei handelt es sich um kleine Textdateien, die mit Hilfe des Browsers auf Ihrem Endger\u00e4t abgelegt werden. Sie richten keinen Schaden an. Wir nutzen Cookies dazu, unser Angebot nutzerfreundlich zu gestalten. Einige Cookies bleiben auf Ihrem Endger\u00e4t gespeichert, bis Sie diese l\u00f6schen. Sie erm\u00f6glichen es uns, Ihren Browser beim n\u00e4chsten Besuch wiederzuerkennen. Wenn Sie dies nicht w\u00fcnschen, so k\u00f6nnen Sie Ihren Browser so einrichten, dass er Sie \u00fcber das Setzen von Cookies informiert und Sie dies nur im Einzelfall erlauben. Bei der Deaktivierung von Cookies kann die Funktionalit\u00e4t unserer Website eingeschr\u00e4nkt sein.<\/p>\n<p>&nbsp;<\/p>\n<h4>Ihre Rechte<\/h4>\n<p>Ihnen stehen grunds\u00e4tzlich die Rechte auf Auskunft, Berichtigung, L\u00f6schung, Einschr\u00e4nkung, Daten\u00fcbertragbarkeit, Widerruf und Widerspruch zu. Wenn Sie glauben, dass die Verarbeitung Ihrer Daten gegen das Datenschutzrecht verst\u00f6\u00dft oder Ihre datenschutzrechtlichen Anspr\u00fcche sonst in einer Weise verletzt worden sind, k\u00f6nnen Sie sich bei der Aufsichtsbeh\u00f6rde beschweren. In Liechtenstein ist dies die<span>\u00a0<\/span><a href=\"http:\/\/www.dss.llv.li\/\" target=\"_blank\" rel=\"noopener noreferrer\">Datenschutzstelle<\/a>.<\/p>\n<p>Sie erreichen uns unter folgenden<span>\u00a0<\/span><a href=\"https:\/\/thomashosp.li\/impressum\">Kontaktdaten<\/a>.<\/p>\n<p>[\/et_pb_text][\/et_pb_column][\/et_pb_row][\/et_pb_section]<\/p>\n","protected":false},"excerpt":{"rendered":"<p>Datenschutzerkl\u00e4rung f\u00fcr Gesch\u00e4ftspartner Datenschutzerkl\u00e4rung f\u00fcr Review\u2010 und Steuerberatungskunden Datenschutzerkl\u00e4rung f\u00fcr Buchhaltungs- und Lohnverrechnungskunde Datenschutzerkl\u00e4rung f\u00fcr Steuerberatungskunden privat Datenschutzerkl\u00e4rung f\u00fcr Lieferanten Datenschutzerkl\u00e4rung f\u00fcr WebseitenbesucherDer Schutz Ihrer pers\u00f6nlichen Daten ist uns ein besonderes Anliegen. Wir verarbeiten Ihre Daten daher ausschliesslich auf Grundlage der gesetzlichen Bestimmungen (DSGVO). In diesen Datenschutzinformationen informieren wir Sie \u00fcber die wichtigsten Aspekte der [&hellip;]<\/p>\n","protected":false},"author":1,"featured_media":0,"parent":0,"menu_order":2003,"comment_status":"closed","ping_status":"closed","template":"","meta":{"_et_pb_use_builder":"on","_et_pb_old_content":"","_et_gb_content_width":"","footnotes":""},"class_list":["post-218","page","type-page","status-publish","hentry"],"_links":{"self":[{"href":"https:\/\/thomashosp.li\/en\/wp-json\/wp\/v2\/pages\/218","targetHints":{"allow":["GET"]}}],"collection":[{"href":"https:\/\/thomashosp.li\/en\/wp-json\/wp\/v2\/pages"}],"about":[{"href":"https:\/\/thomashosp.li\/en\/wp-json\/wp\/v2\/types\/page"}],"author":[{"embeddable":true,"href":"https:\/\/thomashosp.li\/en\/wp-json\/wp\/v2\/users\/1"}],"replies":[{"embeddable":true,"href":"https:\/\/thomashosp.li\/en\/wp-json\/wp\/v2\/comments?post=218"}],"version-history":[{"count":9,"href":"https:\/\/thomashosp.li\/en\/wp-json\/wp\/v2\/pages\/218\/revisions"}],"predecessor-version":[{"id":327,"href":"https:\/\/thomashosp.li\/en\/wp-json\/wp\/v2\/pages\/218\/revisions\/327"}],"wp:attachment":[{"href":"https:\/\/thomashosp.li\/en\/wp-json\/wp\/v2\/media?parent=218"}],"curies":[{"name":"wp","href":"https:\/\/api.w.org\/{rel}","templated":true}]}}